{"id":1091,"date":"2022-03-31T16:18:32","date_gmt":"2022-03-31T16:18:32","guid":{"rendered":"https:\/\/sonabia.org\/?page_id=1091"},"modified":"2026-03-28T05:55:59","modified_gmt":"2026-03-28T05:55:59","slug":"navegacion-a-la-antartida","status":"publish","type":"page","link":"https:\/\/sonabia.org\/es\/navegacion-a-la-antartida\/","title":{"rendered":"Navegaci\u00f3n a la Ant\u00e1rtida"},"content":{"rendered":"<p><b><big><a href=\"https:\/\/sonabia.org\/es\/\">Inicio\u00a0<\/a>\u00a0\u00a0 <a href=\"https:\/\/sonabia.org\/es\/contact\/\">Contacto<\/a><\/big><\/b><\/p>\n<div>\n<p>Expediciones a la Pen\u00ednsula Ant\u00e1rtica en velero desde\u00a0 Ushuaia (Argentina).<\/p>\n<div>Duraci\u00f3n: 3 semanas (ver cronograma m\u00e1s abajo)<\/div>\n<div><\/div>\n<div>Capacidad: 4 personas (max 6) + skipper + segundo<\/div>\n<div><\/div>\n<div>\n<div>\n<div>Temporada: Diciembre, Enero y Febrero (1 expedici\u00f3n por mes)<\/div>\n<div><\/div>\n<div>Reservaciones a partir de Mayo, cupos limitados<\/div>\n<div>\n<div>\n<div><\/div>\n<\/div>\n<\/div>\n<\/div>\n<\/div>\n<p><img loading=\"lazy\" decoding=\"async\" class=\"alignnone size-medium wp-image-2042\" src=\"https:\/\/sonabia.org\/wp-content\/uploads\/2023\/04\/2023_02_13_videla_sonabia2_dji-1-300x169.jpg\" alt=\"\" width=\"300\" height=\"169\" srcset=\"https:\/\/sonabia.org\/wp-content\/uploads\/2023\/04\/2023_02_13_videla_sonabia2_dji-1-300x169.jpg 300w, https:\/\/sonabia.org\/wp-content\/uploads\/2023\/04\/2023_02_13_videla_sonabia2_dji-1-1024x576.jpg 1024w, https:\/\/sonabia.org\/wp-content\/uploads\/2023\/04\/2023_02_13_videla_sonabia2_dji-1-768x432.jpg 768w, https:\/\/sonabia.org\/wp-content\/uploads\/2023\/04\/2023_02_13_videla_sonabia2_dji-1-1200x675.jpg 1200w, https:\/\/sonabia.org\/wp-content\/uploads\/2023\/04\/2023_02_13_videla_sonabia2_dji-1.jpg 1280w\" sizes=\"auto, (max-width: 300px) 85vw, 300px\" \/><\/p>\n<p><img loading=\"lazy\" decoding=\"async\" class=\"wp-image-1101 size-medium alignnone\" src=\"https:\/\/sonabia.org\/wp-content\/uploads\/2022\/04\/2022_02_14_paradise_videla_101359_small-300x225.jpg\" alt=\"\" width=\"300\" height=\"225\" srcset=\"https:\/\/sonabia.org\/wp-content\/uploads\/2022\/04\/2022_02_14_paradise_videla_101359_small-300x225.jpg 300w, https:\/\/sonabia.org\/wp-content\/uploads\/2022\/04\/2022_02_14_paradise_videla_101359_small.jpg 327w\" sizes=\"auto, (max-width: 300px) 85vw, 300px\" \/><\/p>\n<p><img loading=\"lazy\" decoding=\"async\" class=\"alignnone size-medium wp-image-2045\" src=\"https:\/\/sonabia.org\/wp-content\/uploads\/2023\/04\/2023_02_13_gerlache-300x225.png\" alt=\"\" width=\"300\" height=\"225\" srcset=\"https:\/\/sonabia.org\/wp-content\/uploads\/2023\/04\/2023_02_13_gerlache-300x225.png 300w, https:\/\/sonabia.org\/wp-content\/uploads\/2023\/04\/2023_02_13_gerlache.png 640w\" sizes=\"auto, (max-width: 300px) 85vw, 300px\" \/><\/p>\n<p><img loading=\"lazy\" decoding=\"async\" class=\"alignnone size-medium wp-image-2048\" src=\"https:\/\/sonabia.org\/wp-content\/uploads\/2023\/04\/DSC3201_2000_1300_medium-300x200.jpg\" alt=\"\" width=\"300\" height=\"200\" srcset=\"https:\/\/sonabia.org\/wp-content\/uploads\/2023\/04\/DSC3201_2000_1300_medium-300x200.jpg 300w, https:\/\/sonabia.org\/wp-content\/uploads\/2023\/04\/DSC3201_2000_1300_medium-1024x682.jpg 1024w, https:\/\/sonabia.org\/wp-content\/uploads\/2023\/04\/DSC3201_2000_1300_medium-768x512.jpg 768w, https:\/\/sonabia.org\/wp-content\/uploads\/2023\/04\/DSC3201_2000_1300_medium-1536x1024.jpg 1536w, https:\/\/sonabia.org\/wp-content\/uploads\/2023\/04\/DSC3201_2000_1300_medium-1200x800.jpg 1200w, https:\/\/sonabia.org\/wp-content\/uploads\/2023\/04\/DSC3201_2000_1300_medium.jpg 2000w\" sizes=\"auto, (max-width: 300px) 85vw, 300px\" \/><\/p>\n<p><img loading=\"lazy\" decoding=\"async\" class=\"alignnone size-medium wp-image-2057\" src=\"https:\/\/sonabia.org\/wp-content\/uploads\/2023\/04\/2023_02_16_lemaire-300x225.png\" alt=\"\" width=\"300\" height=\"225\" srcset=\"https:\/\/sonabia.org\/wp-content\/uploads\/2023\/04\/2023_02_16_lemaire-300x225.png 300w, https:\/\/sonabia.org\/wp-content\/uploads\/2023\/04\/2023_02_16_lemaire.png 640w\" sizes=\"auto, (max-width: 300px) 85vw, 300px\" \/><\/p>\n<p><img loading=\"lazy\" decoding=\"async\" class=\"alignnone size-medium wp-image-2054\" src=\"https:\/\/sonabia.org\/wp-content\/uploads\/2023\/04\/DSC3362_2000_1300_medium-300x200.jpg\" alt=\"\" width=\"300\" height=\"200\" srcset=\"https:\/\/sonabia.org\/wp-content\/uploads\/2023\/04\/DSC3362_2000_1300_medium-300x200.jpg 300w, https:\/\/sonabia.org\/wp-content\/uploads\/2023\/04\/DSC3362_2000_1300_medium-1024x682.jpg 1024w, https:\/\/sonabia.org\/wp-content\/uploads\/2023\/04\/DSC3362_2000_1300_medium-768x512.jpg 768w, https:\/\/sonabia.org\/wp-content\/uploads\/2023\/04\/DSC3362_2000_1300_medium-1536x1024.jpg 1536w, https:\/\/sonabia.org\/wp-content\/uploads\/2023\/04\/DSC3362_2000_1300_medium-1200x800.jpg 1200w, https:\/\/sonabia.org\/wp-content\/uploads\/2023\/04\/DSC3362_2000_1300_medium.jpg 2000w\" sizes=\"auto, (max-width: 300px) 85vw, 300px\" \/><\/p>\n<p>&nbsp;<\/p>\n<h2>Cronograma<\/h2>\n<p>1 &#8211; Ushuaia. Espera de una\u00a0 \u00b4ventana meteo\u00b4 para cruzar el Paso Drake.<\/p>\n<p>2 &#8211; Cruzar el Paso Drake, 4 d\u00edas de promedio. Es la primera\u00a0 etapa de la aventura . El Drake es famoso por sus fuertes temporales y sus olas. Es un desaf\u00edo personal tanto para los navegantes aguerridos como para los novatos.<\/p>\n<p>3 &#8211; Navegaci\u00f3n en la Ant\u00e1rtida, aproximadamente 12 d\u00edas. Visitamos entre\u00a0 9 y 12 sitios. Navegaci\u00f3n de d\u00eda, a menudo a motor entre hielos. Se duerme al ancla cada noche, y se bajapaseo a tierra cada vez que la meteo lo permita.<\/p>\n<p>4 &#8211; Espera de una ventana meteo en el Archipi\u00e9lago\u00a0 Melchior .\u00a0 Un sitio muy bonito para esperar uno o varios d\u00edas.<\/p>\n<p>5 &#8211; Cruce del Paso\u00a0 Drake de vuelta. Promedio 4 d\u00edas. Si tiene fechas fijas de viaje, nos aseguramos que no pierda su pasaje.<\/p>\n<p>&nbsp;<\/p>\n<h2>Ecolog\u00eda<\/h2>\n<p>El velero 2 cumple con las reglas del Tratado Ant\u00e1rctico, su permiso se renueva cada a\u00f1o. Adem\u00e1s su impacto ambiental es m\u00ednimo.<\/p>\n<p>La huella carbono de una navegaci\u00f3n de 3 semanas es <strong>255kg de CO2 por persona<\/strong>. En comparaci\u00f3n, su huella en un buque de pasajeros \u00abidealmente ecologico\u00bb superar\u00eda 800 kg de CO2.<\/p>\n<p>Toda la basura no degradable se lleva de vuelta<\/p>\n<p>El avistamiento de animales se hace seg\u00fan el Protocolo de Madrid, intentando no molestarlos ni acercarse demasiado<\/p>\n<div>\n<div>\n<div>\n<h2>Otras informaciones<\/h2>\n<p>Idioma hablado a bordo: Castellano, Ingl\u00e9s, Franc\u00e9s.<\/p>\n<p>Seguro: necesita un seguro de viaje individual<\/p>\n<p>Equipaje: 1 o 2 bolsos (bolsos de marinero o mochila), NO TRAER EQUIPAJES R\u00cdGIDOS.<\/p>\n<p>Saco de dormir: recomendado traer el suyo.<\/p>\n<p>Ropa: ropa caliente, guantes, gorros, gafas de sol de alta protecci\u00f3n, gafas de esqui.<\/p>\n<p>Zapatos de interior y botas de goma de ca\u00f1a alta para bajar a tierra.<\/p>\n<\/div>\n<\/div>\n<p><b>Presupuesto, viaje, alojamiento?<\/b>\u00a0 <b><a href=\"https:\/\/sonabia.org\/es\/contact\/\">cont\u00e1ctenos<\/a><\/b><\/p>\n<\/div>\n<div>\n<div>\n<p>&nbsp;<\/p>\n<\/div>\n<div>\n<div>\n<p><iframe loading=\"lazy\" title=\"2022 02 05 - Sailing Drake Passage\" width=\"840\" height=\"630\" src=\"https:\/\/www.youtube.com\/embed\/Q2HH-WJFgvI?feature=oembed\" frameborder=\"0\" allow=\"accelerometer; autoplay; clipboard-write; encrypted-media; gyroscope; picture-in-picture; web-share\" referrerpolicy=\"strict-origin-when-cross-origin\" allowfullscreen><\/iframe><\/p>\n<\/div>\n<\/div>\n<div>\n<p><iframe loading=\"lazy\" title=\"Antarctica expedition - February -March 2023\" width=\"840\" height=\"473\" src=\"https:\/\/www.youtube.com\/embed\/UeS5SbmnAMA?feature=oembed\" frameborder=\"0\" allow=\"accelerometer; autoplay; clipboard-write; encrypted-media; gyroscope; picture-in-picture; web-share\" referrerpolicy=\"strict-origin-when-cross-origin\" allowfullscreen><\/iframe><\/p>\n<\/div>\n<\/div>\n<pre>Videos: Eric, 2022 - Carlos, 2023<\/pre>\n<\/div>\n<div>\n<div><b><big><a href=\"https:\/\/sonabia.org\/es\/\">Inicio<\/a><a href=\"https:\/\/sonabia.org\/es\/contact\/\"> \u00a0\u00a0 Contacto<\/a><\/big><\/b> \u00a0\u00a0 <b><big><a href=\"https:\/\/sonabia.org\/es\/preguntas-frecuentes\/\">Preguntas frecuentes<\/a><\/big><\/b><\/div>\n<\/div>\n<div>\n<div>\n<p>&nbsp;<\/p>\n<\/div>\n<\/div>\n<div>\n<div>\n<div style=\"padding-left: 40px;\"><\/div>\n<\/div>\n<\/div>\n<div><\/div>\n<div><\/div>\n<div><\/div>\n","protected":false},"excerpt":{"rendered":"<p>Inicio\u00a0\u00a0\u00a0 Contacto Expediciones a la Pen\u00ednsula Ant\u00e1rtica en velero desde\u00a0 Ushuaia (Argentina). Duraci\u00f3n: 3 semanas (ver cronograma m\u00e1s abajo) Capacidad: 4 personas (max 6) + skipper + segundo Temporada: Diciembre, Enero y Febrero (1 expedici\u00f3n por mes) Reservaciones a partir de Mayo, cupos limitados &nbsp; Cronograma 1 &#8211; Ushuaia. Espera de una\u00a0 \u00b4ventana meteo\u00b4 para &hellip; <a href=\"https:\/\/sonabia.org\/es\/navegacion-a-la-antartida\/\" class=\"more-link\">Continuar leyendo<span class=\"screen-reader-text\"> \u00abNavegaci\u00f3n a la Ant\u00e1rtida\u00bb<\/span><\/a><\/p>\n","protected":false},"author":1,"featured_media":0,"parent":0,"menu_order":0,"comment_status":"closed","ping_status":"closed","template":"","meta":{"_monsterinsights_skip_tracking":false,"_monsterinsights_sitenote_active":false,"_monsterinsights_sitenote_note":"","_monsterinsights_sitenote_category":0,"footnotes":""},"class_list":["post-1091","page","type-page","status-publish","hentry"],"_links":{"self":[{"href":"https:\/\/sonabia.org\/es\/wp-json\/wp\/v2\/pages\/1091","targetHints":{"allow":["GET"]}}],"collection":[{"href":"https:\/\/sonabia.org\/es\/wp-json\/wp\/v2\/pages"}],"about":[{"href":"https:\/\/sonabia.org\/es\/wp-json\/wp\/v2\/types\/page"}],"author":[{"embeddable":true,"href":"https:\/\/sonabia.org\/es\/wp-json\/wp\/v2\/users\/1"}],"replies":[{"embeddable":true,"href":"https:\/\/sonabia.org\/es\/wp-json\/wp\/v2\/comments?post=1091"}],"version-history":[{"count":37,"href":"https:\/\/sonabia.org\/es\/wp-json\/wp\/v2\/pages\/1091\/revisions"}],"predecessor-version":[{"id":4184,"href":"https:\/\/sonabia.org\/es\/wp-json\/wp\/v2\/pages\/1091\/revisions\/4184"}],"wp:attachment":[{"href":"https:\/\/sonabia.org\/es\/wp-json\/wp\/v2\/media?parent=1091"}],"curies":[{"name":"wp","href":"https:\/\/api.w.org\/{rel}","templated":true}]}}