{"id":1359,"date":"2022-05-03T04:30:10","date_gmt":"2022-05-03T04:30:10","guid":{"rendered":"https:\/\/sonabia.org\/?page_id=1359"},"modified":"2025-06-13T06:07:36","modified_gmt":"2025-06-13T06:07:36","slug":"associaciones-sin-fines-de-lucro","status":"publish","type":"page","link":"https:\/\/sonabia.org\/es\/associaciones-sin-fines-de-lucro\/","title":{"rendered":"Navigation Mer et Nature"},"content":{"rendered":"<p><img loading=\"lazy\" decoding=\"async\" class=\"alignnone size-medium wp-image-1729\" src=\"https:\/\/sonabia.org\/wp-content\/uploads\/2023\/04\/sonabia2_bas_relief_rotate_3_papyrus-300x300.jpg\" alt=\"\" width=\"300\" height=\"300\" srcset=\"https:\/\/sonabia.org\/wp-content\/uploads\/2023\/04\/sonabia2_bas_relief_rotate_3_papyrus-300x300.jpg 300w, https:\/\/sonabia.org\/wp-content\/uploads\/2023\/04\/sonabia2_bas_relief_rotate_3_papyrus-1024x1024.jpg 1024w, https:\/\/sonabia.org\/wp-content\/uploads\/2023\/04\/sonabia2_bas_relief_rotate_3_papyrus-150x150.jpg 150w, https:\/\/sonabia.org\/wp-content\/uploads\/2023\/04\/sonabia2_bas_relief_rotate_3_papyrus-768x768.jpg 768w, https:\/\/sonabia.org\/wp-content\/uploads\/2023\/04\/sonabia2_bas_relief_rotate_3_papyrus-1200x1200.jpg 1200w, https:\/\/sonabia.org\/wp-content\/uploads\/2023\/04\/sonabia2_bas_relief_rotate_3_papyrus.jpg 1420w\" sizes=\"auto, (max-width: 300px) 85vw, 300px\" \/><\/p>\n<p>Asociaci\u00f3n sin fines de lucro, Loi 1901 No W641013451, fecha de creaci\u00f3n 2022 04 13.<\/p>\n<p>Las participaciones financieras se utilizan para pagar los gastos, y los servicios de profesionales. Los excedentos, si los hay, se reinvierten en los barcos. No hay beneficios.<\/p>\n<p>Esto nos permite ofrecer precios asequibles.<\/p>\n<p><strong>Informaci\u00f3n legal<\/strong>. En las navegaciones asociativas sin fines de lucro:<\/p>\n<ul>\n<li style=\"list-style-type: none;\">\n<ul>\n<li style=\"list-style-type: none;\">\n<ul>\n<li>todo el mundo es tripulante excepto el Capit\u00e1n. No hay pasajeros.<\/li>\n<li>algunos tripulantes son permanentes y\/o profesionales.<\/li>\n<li>el barco es una embarcaci\u00f3n de recreo y no una peque\u00f1a embarcaci\u00f3n comercial.<\/li>\n<\/ul>\n<\/li>\n<\/ul>\n<\/li>\n<\/ul>\n<p><a href=\"https:\/\/sonabia.org\/wp-content\/uploads\/2025\/06\/estatutos_navigation_mer_nature_extractos_es.pdf\" target=\"_blank\" rel=\"noopener\">Estatutos Navigation Mer et Nature<\/a> (extractos)<\/p>\n<hr \/>\n<p><big><a href=\"https:\/\/sonabia.org\/es\/\">Inicio<\/a>\u00a0\u00a0\u00a0\u00a0\u00a0\u00a0 <a href=\"https:\/\/sonabia.org\/es\/contact\/\">Contacto<\/a><\/big><\/p>\n<p>&nbsp;<\/p>\n","protected":false},"excerpt":{"rendered":"<p>Asociaci\u00f3n sin fines de lucro, Loi 1901 No W641013451, fecha de creaci\u00f3n 2022 04 13. Las participaciones financieras se utilizan para pagar los gastos, y los servicios de profesionales. Los excedentos, si los hay, se reinvierten en los barcos. No hay beneficios. Esto nos permite ofrecer precios asequibles. Informaci\u00f3n legal. En las navegaciones asociativas sin &hellip; <a href=\"https:\/\/sonabia.org\/es\/associaciones-sin-fines-de-lucro\/\" class=\"more-link\">Continuar leyendo<span class=\"screen-reader-text\"> \u00abNavigation Mer et Nature\u00bb<\/span><\/a><\/p>\n","protected":false},"author":1,"featured_media":0,"parent":0,"menu_order":0,"comment_status":"closed","ping_status":"closed","template":"","meta":{"_monsterinsights_skip_tracking":false,"_monsterinsights_sitenote_active":false,"_monsterinsights_sitenote_note":"","_monsterinsights_sitenote_category":0,"footnotes":""},"class_list":["post-1359","page","type-page","status-publish","hentry"],"_links":{"self":[{"href":"https:\/\/sonabia.org\/es\/wp-json\/wp\/v2\/pages\/1359","targetHints":{"allow":["GET"]}}],"collection":[{"href":"https:\/\/sonabia.org\/es\/wp-json\/wp\/v2\/pages"}],"about":[{"href":"https:\/\/sonabia.org\/es\/wp-json\/wp\/v2\/types\/page"}],"author":[{"embeddable":true,"href":"https:\/\/sonabia.org\/es\/wp-json\/wp\/v2\/users\/1"}],"replies":[{"embeddable":true,"href":"https:\/\/sonabia.org\/es\/wp-json\/wp\/v2\/comments?post=1359"}],"version-history":[{"count":17,"href":"https:\/\/sonabia.org\/es\/wp-json\/wp\/v2\/pages\/1359\/revisions"}],"predecessor-version":[{"id":3645,"href":"https:\/\/sonabia.org\/es\/wp-json\/wp\/v2\/pages\/1359\/revisions\/3645"}],"wp:attachment":[{"href":"https:\/\/sonabia.org\/es\/wp-json\/wp\/v2\/media?parent=1359"}],"curies":[{"name":"wp","href":"https:\/\/api.w.org\/{rel}","templated":true}]}}