{"id":17,"date":"2020-02-26T16:54:09","date_gmt":"2020-02-26T16:54:09","guid":{"rendered":"https:\/\/sonabia.org\/?page_id=17"},"modified":"2026-03-27T08:15:37","modified_gmt":"2026-03-27T08:15:37","slug":"velero-sonabia-navegaciones-al-cabo-de-hornos","status":"publish","type":"page","link":"https:\/\/sonabia.org\/es\/","title":{"rendered":"Ant\u00e1rtida &#8211; Cabo de Hornos"},"content":{"rendered":"<p>Expediciones a la Ant\u00e1rtida en velero.<\/p>\n<pre><em>Sonabia era el nombre de nuestro velero anterior. Naveg\u00f3 los 40 rugientes, a la Ant\u00e1rtida y varias veces alrededor del Cabo de Hornos<\/em><\/pre>\n<hr \/>\n<p><a href=\"https:\/\/sonabia.org\/es\/navegacion-a-la-antartida\/\"><big>Ant\u00e1rtida<\/big><\/a><\/p>\n<p><a href=\"https:\/\/sonabia.org\/es\/navegacion-a-la-antartida\/\"><img loading=\"lazy\" decoding=\"async\" class=\"alignnone wp-image-1101 size-thumbnail\" src=\"https:\/\/sonabia.org\/wp-content\/uploads\/2022\/04\/2022_02_14_paradise_videla_101359_small-150x150.jpg\" alt=\"\" width=\"150\" height=\"150\" \/><\/a><\/p>\n<hr \/>\n<p><a href=\"https:\/\/sonabia.org\/es\/velero\/\"><big>Velero<\/big><\/a><\/p>\n<p><img loading=\"lazy\" decoding=\"async\" class=\"alignnone wp-image-907 size-thumbnail\" src=\"https:\/\/sonabia.org\/wp-content\/uploads\/2022\/03\/2022_03_09_sonabias_lauta_141838_small-150x150.jpg\" alt=\"\" width=\"150\" height=\"150\" \/><\/p>\n<hr \/>\n<p><a href=\"https:\/\/sonabia.org\/es\/associaciones-sin-fines-de-lucro\/\"><big>Associaci\u00f3n Navigation Mer et Nature<\/big><\/a><\/p>\n<p><a href=\"https:\/\/sonabia.org\/es\/associaciones-sin-fines-de-lucro\/\"><img loading=\"lazy\" decoding=\"async\" class=\"alignnone wp-image-1729 size-thumbnail\" src=\"https:\/\/sonabia.org\/wp-content\/uploads\/2023\/04\/sonabia2_bas_relief_rotate_3_papyrus-150x150.jpg\" alt=\"\" width=\"150\" height=\"150\" srcset=\"https:\/\/sonabia.org\/wp-content\/uploads\/2023\/04\/sonabia2_bas_relief_rotate_3_papyrus-150x150.jpg 150w, https:\/\/sonabia.org\/wp-content\/uploads\/2023\/04\/sonabia2_bas_relief_rotate_3_papyrus-300x300.jpg 300w, https:\/\/sonabia.org\/wp-content\/uploads\/2023\/04\/sonabia2_bas_relief_rotate_3_papyrus-1024x1024.jpg 1024w, https:\/\/sonabia.org\/wp-content\/uploads\/2023\/04\/sonabia2_bas_relief_rotate_3_papyrus-768x768.jpg 768w, https:\/\/sonabia.org\/wp-content\/uploads\/2023\/04\/sonabia2_bas_relief_rotate_3_papyrus-1200x1200.jpg 1200w, https:\/\/sonabia.org\/wp-content\/uploads\/2023\/04\/sonabia2_bas_relief_rotate_3_papyrus.jpg 1420w\" sizes=\"auto, (max-width: 150px) 85vw, 150px\" \/><\/a><\/p>\n<pre>Expediciones organizadas por la Asociaci\u00f3n sin fines de lucro Navigation Mer et Nature.<\/pre>\n<hr \/>\n<h3>Posts recientes<\/h3>\n<pre>Nuevas aventuras\r\n<a href=\"https:\/\/sonabia.org\/es\/2025-06-13-el-fiscal-de-puerto-williams-y-sus-chivatos\/\">2025 06 13 - El fiscal de Puerto Williams y sus chivatos<\/a>\r\n\r\nAnt\u00e1rtida\r\n<a style=\"cursor: pointer !important; user-select: none !important;\" href=\"https:\/\/sonabia.org\/es\/2024-07-01-antartida-temporada-2023-2024\/\">2024 07 01 - Videos - Ant\u00e1rtida, temporada 2023-2024<\/a>\r\n<a href=\"https:\/\/sonabia.org\/es\/2023-09-03-antartida-febrero-2023\/\">2023 09 03 - Videos - Ant\u00e1rtida, febrero 2023<\/a>\r\n\r\nMedio ambiente\r\n<a href=\"https:\/\/sonabia.org\/es\/2023-06-03-turismo-en-la-antartida-alerta\/\">2023 06 03 - Turismo en la Ant\u00e1rtida - Alerta!<\/a> \r\n<a href=\"https:\/\/sonabia.org\/es\/2025-06-03-turismo-y-pesca-en-la-antartida-2a-alerta\/\">2025 06 03 - Sobreturismo y Pesca en la Ant\u00e1rtida - 2a Alerta!<\/a> \r\n<a style=\"cursor: pointer !important; user-select: none !important;\" href=\"https:\/\/sonabia.org\/es\/2023-05-13-economico-ecologico\/\">2023 05 13 - Velero: econ\u00f3mico, ecol\u00f3gico<\/a> \r\n<a href=\"https:\/\/sonabia.org\/es\/2024-06-05-huella-de-carbono-de-una-expedicion-antarctica-en-velero\/\">2024 06 06 - Huella de carbono de una expedici\u00f3n Ant\u00e1rctica en velero<\/a> \r\n\r\nTripulantes divertidos\r\n<a href=\"https:\/\/sonabia.org\/es\/2025-02-10-ladrones-a-bordo\/\">2025 02 10 - Ladrones A Bordo<\/a>\r\n<a href=\"https:\/\/sonabia.org\/es\/2023-07-08-los-3-cochinitos-y-el-jabali-feroz\/\">2023 07 08 - Los 3 Cochinitos y el Jabal\u00ed Malvado<\/a>\r\n<a href=\"https:\/\/sonabia.org\/es\/2023-07-02-motin-en-la-antartida-la-pesadilla-de-la-familia\/\">2023 07 02 - Mot\u00edn en la Ant\u00e1rtida, la pesadilla de la familia<\/a>\r\n\r\nVelero\r\n<a href=\"https:\/\/sonabia.org\/es\/2024-04-23-quilla-levadiza-de-acero\/\">2023 04 23 - Quilla levadiza<\/a>\r\n<a style=\"cursor: pointer !important; user-select: none !important;\" href=\"https:\/\/sonabia.org\/es\/2023-06-20-3-timones\/\">2023 06 20 - 3 timones<\/a>\r\n<a href=\"https:\/\/sonabia.org\/es\/2023-05-06-interior-minimalista\/\">2023 05 06 - Interior minimalista<\/a> \r\n<a style=\"cursor: pointer !important; user-select: none !important;\" href=\"https:\/\/sonabia.org\/es\/2023-04-29-ventilacion-por-todas-partes\/\">2023 04 29 - Ventilaci\u00f3n por todas partes<\/a> \r\n<a style=\"cursor: pointer !important; user-select: none !important;\" href=\"https:\/\/sonabia.org\/es\/2023-02-23-gris-oscuro\/\">2023 04 23 - Gris oscuro<\/a>\r\n\r\nT\u00e9cnicos\r\n<a style=\"cursor: pointer !important; user-select: none !important;\" href=\"https:\/\/sonabia.org\/es\/2023-05-20-ensayos-de-impacto-sobre-materiales-de-casco\/\">2023 05 20 - Ensayos de impacto sobre materiales de casco<\/a>\r\n<a href=\"https:\/\/sonabia.org\/es\/2023-05-22-ensayos-de-impacto-sobre-materiales-de-casco-resultados\/\">2023 05 22 - Ensayos de impacto sobre materiales de casco - resultados<\/a> \r\n<a href=\"https:\/\/sonabia.org\/2023-06-08-hull-materials-for-high-latitudes\/\">2023 06 08 - Hull materials for high latitudes <\/a>(en ingl\u00e9s)\r\n\r\n<a href=\"https:\/\/sonabia.org\/es\/posts\/\">Todos los posts<\/a><\/pre>\n<hr \/>\n<p><b><big><a href=\"https:\/\/sonabia.org\/es\/contact\/\">Contacto<\/a><\/big><\/b>\u00a0 \u00a0 \u00a0 <b><big><a href=\"https:\/\/sonabia.org\/es\/preguntas-frecuentes\/\">Preguntas frecuentes<\/a><\/big><\/b><\/p>\n","protected":false},"excerpt":{"rendered":"<p>Expediciones a la Ant\u00e1rtida en velero. Sonabia era el nombre de nuestro velero anterior. Naveg\u00f3 los 40 rugientes, a la Ant\u00e1rtida y varias veces alrededor del Cabo de Hornos Ant\u00e1rtida Velero Associaci\u00f3n Navigation Mer et Nature Expediciones organizadas por la Asociaci\u00f3n sin fines de lucro Navigation Mer et Nature. Posts recientes Nuevas aventuras 2025 06 &hellip; <a href=\"https:\/\/sonabia.org\/es\/\" class=\"more-link\">Continuar leyendo<span class=\"screen-reader-text\"> \u00abAnt\u00e1rtida &#8211; Cabo de Hornos\u00bb<\/span><\/a><\/p>\n","protected":false},"author":1,"featured_media":0,"parent":0,"menu_order":0,"comment_status":"closed","ping_status":"closed","template":"","meta":{"_monsterinsights_skip_tracking":false,"_monsterinsights_sitenote_active":false,"_monsterinsights_sitenote_note":"","_monsterinsights_sitenote_category":0,"footnotes":""},"class_list":["post-17","page","type-page","status-publish","hentry"],"_links":{"self":[{"href":"https:\/\/sonabia.org\/es\/wp-json\/wp\/v2\/pages\/17","targetHints":{"allow":["GET"]}}],"collection":[{"href":"https:\/\/sonabia.org\/es\/wp-json\/wp\/v2\/pages"}],"about":[{"href":"https:\/\/sonabia.org\/es\/wp-json\/wp\/v2\/types\/page"}],"author":[{"embeddable":true,"href":"https:\/\/sonabia.org\/es\/wp-json\/wp\/v2\/users\/1"}],"replies":[{"embeddable":true,"href":"https:\/\/sonabia.org\/es\/wp-json\/wp\/v2\/comments?post=17"}],"version-history":[{"count":101,"href":"https:\/\/sonabia.org\/es\/wp-json\/wp\/v2\/pages\/17\/revisions"}],"predecessor-version":[{"id":4095,"href":"https:\/\/sonabia.org\/es\/wp-json\/wp\/v2\/pages\/17\/revisions\/4095"}],"wp:attachment":[{"href":"https:\/\/sonabia.org\/es\/wp-json\/wp\/v2\/media?parent=17"}],"curies":[{"name":"wp","href":"https:\/\/api.w.org\/{rel}","templated":true}]}}