{"id":2023,"date":"2023-04-24T06:32:08","date_gmt":"2023-04-24T06:32:08","guid":{"rendered":"https:\/\/sonabia.org\/?page_id=2023"},"modified":"2026-03-26T09:06:16","modified_gmt":"2026-03-26T09:06:16","slug":"preguntas-frecuentes","status":"publish","type":"page","link":"https:\/\/sonabia.org\/es\/preguntas-frecuentes\/","title":{"rendered":"Preguntas frecuentes"},"content":{"rendered":"<p>&nbsp;<\/p>\n<p><big><b><a href=\"https:\/\/sonabia.org\/es\/\">Inicio<\/a>\u00a0\u00a0 <a href=\"https:\/\/sonabia.org\/es\/contact\/\">Contacto<\/a><\/b><\/big><\/p>\n<p>&#8230; sobre el Cabo de Hornos y la Ant\u00e1rtida.<\/p>\n<p>Si est\u00e1 seriamente interesado\/a en una expedici\u00f3n en la Ant\u00e1rtida, le\u00a0 enviaremos un documento con informaci\u00f3n completa.<\/p>\n<p>&nbsp;<\/p>\n<div id=\"ez-toc-container\" class=\"ez-toc-v2_0_79_2 counter-hierarchy ez-toc-counter ez-toc-grey ez-toc-container-direction\">\n<div class=\"ez-toc-title-container\">\n<p class=\"ez-toc-title\" style=\"cursor:inherit\">Table of Contents<\/p>\n<span class=\"ez-toc-title-toggle\"><a href=\"#\" class=\"ez-toc-pull-right ez-toc-btn ez-toc-btn-xs ez-toc-btn-default ez-toc-toggle\" aria-label=\"Alternar tabla de contenidos\"><span class=\"ez-toc-js-icon-con\"><span class=\"\"><span class=\"eztoc-hide\" style=\"display:none;\">Toggle<\/span><span class=\"ez-toc-icon-toggle-span\"><svg style=\"fill: #999;color:#999\" xmlns=\"http:\/\/www.w3.org\/2000\/svg\" class=\"list-377408\" width=\"20px\" height=\"20px\" viewBox=\"0 0 24 24\" fill=\"none\"><path d=\"M6 6H4v2h2V6zm14 0H8v2h12V6zM4 11h2v2H4v-2zm16 0H8v2h12v-2zM4 16h2v2H4v-2zm16 0H8v2h12v-2z\" fill=\"currentColor\"><\/path><\/svg><svg style=\"fill: #999;color:#999\" class=\"arrow-unsorted-368013\" xmlns=\"http:\/\/www.w3.org\/2000\/svg\" width=\"10px\" height=\"10px\" viewBox=\"0 0 24 24\" version=\"1.2\" baseProfile=\"tiny\"><path d=\"M18.2 9.3l-6.2-6.3-6.2 6.3c-.2.2-.3.4-.3.7s.1.5.3.7c.2.2.4.3.7.3h11c.3 0 .5-.1.7-.3.2-.2.3-.5.3-.7s-.1-.5-.3-.7zM5.8 14.7l6.2 6.3 6.2-6.3c.2-.2.3-.5.3-.7s-.1-.5-.3-.7c-.2-.2-.4-.3-.7-.3h-11c-.3 0-.5.1-.7.3-.2.2-.3.5-.3.7s.1.5.3.7z\"\/><\/svg><\/span><\/span><\/span><\/a><\/span><\/div>\n<nav><ul class='ez-toc-list ez-toc-list-level-1 ' ><li class='ez-toc-page-1 ez-toc-heading-level-3'><a class=\"ez-toc-link ez-toc-heading-1\" href=\"https:\/\/sonabia.org\/es\/preguntas-frecuentes\/#Debo_tener_experiencia_en_navegacion\" >Debo tener experiencia en navegaci\u00f3n?<\/a><\/li><li class='ez-toc-page-1 ez-toc-heading-level-3'><a class=\"ez-toc-link ez-toc-heading-2\" href=\"https:\/\/sonabia.org\/es\/preguntas-frecuentes\/#Mi_salud\" >Mi salud?<\/a><\/li><li class='ez-toc-page-1 ez-toc-heading-level-3'><a class=\"ez-toc-link ez-toc-heading-3\" href=\"https:\/\/sonabia.org\/es\/preguntas-frecuentes\/#Mi_edad\" >Mi edad?<\/a><\/li><li class='ez-toc-page-1 ez-toc-heading-level-3'><a class=\"ez-toc-link ez-toc-heading-4\" href=\"https:\/\/sonabia.org\/es\/preguntas-frecuentes\/#El_mareo\" >El mareo?<\/a><\/li><li class='ez-toc-page-1 ez-toc-heading-level-3'><a class=\"ez-toc-link ez-toc-heading-5\" href=\"https:\/\/sonabia.org\/es\/preguntas-frecuentes\/#La_seguridad\" >La seguridad?<\/a><\/li><li class='ez-toc-page-1 ez-toc-heading-level-3'><a class=\"ez-toc-link ez-toc-heading-6\" href=\"https:\/\/sonabia.org\/es\/preguntas-frecuentes\/#Las_fechas_estan_garantizadas\" >Las fechas estan garantizadas?<\/a><\/li><li class='ez-toc-page-1 ez-toc-heading-level-3'><a class=\"ez-toc-link ez-toc-heading-7\" href=\"https:\/\/sonabia.org\/es\/preguntas-frecuentes\/#Antartida_Y_Cabo_de_Hornos\" >Ant\u00e1rtida Y Cabo de Hornos?<\/a><\/li><li class='ez-toc-page-1 ez-toc-heading-level-3'><a class=\"ez-toc-link ez-toc-heading-8\" href=\"https:\/\/sonabia.org\/es\/preguntas-frecuentes\/#Porque_tan_pocas_fotos_y_videos_en_este_sitio\" >Porqu\u00e9 tan pocas fotos y videos en este sitio?<\/a><\/li><li class='ez-toc-page-1 ez-toc-heading-level-3'><a class=\"ez-toc-link ez-toc-heading-9\" href=\"https:\/\/sonabia.org\/es\/preguntas-frecuentes\/#Porque_no_hay_nada_sobre_la_tripulacion\" >Porqu\u00e9 no hay nada sobre la tripulaci\u00f3n?<\/a><\/li><\/ul><\/nav><\/div>\n\n<h3><span class=\"ez-toc-section\" id=\"Debo_tener_experiencia_en_navegacion\"><\/span>Debo tener experiencia en navegaci\u00f3n?<span class=\"ez-toc-section-end\"><\/span><\/h3>\n<p>No es necesario.<\/p>\n<p>Sin embargo si desea participar en las maniobras o la navegaci\u00f3n, el skipper les asignar\u00e1 t\u00e1reas adaptadas a sus capacidades.<\/p>\n<h3><span class=\"ez-toc-section\" id=\"Mi_salud\"><\/span>Mi salud?<span class=\"ez-toc-section-end\"><\/span><\/h3>\n<p>Debe tener buena salud f\u00edsica. Para la Ant\u00e1rtida debe tener tambi\u00e9n estabilidad mental y emocional, para enfrentar la navegaci\u00f3n en el Drake y el hielo omnipresente.<\/p>\n<p>Hay un filtrado preliminar, en base a un cuestionario y a discusiones con el skipper.<\/p>\n<p>La selecci\u00f3n es menos s\u00e9vera para el Cabo de Hornos ya que son pocos d\u00edas de navegaci\u00f3n y siempre con tierra a la vista.<\/p>\n<h3><span class=\"ez-toc-section\" id=\"Mi_edad\"><\/span>Mi edad?<span class=\"ez-toc-section-end\"><\/span><\/h3>\n<p>Sin importancia. Hemos pasado el Cabo de Hornos con personas de m\u00e1s de 80 a\u00f1os y tambi\u00e9n con gente de menos de 18 a\u00f1os. Hemos tenido maravillosas navegaciones en la Ant\u00e1rtida con personas de m\u00e1s de 75 a\u00f1os.<\/p>\n<p>Sin embargo todo el mundo debe tener buena salud, vea arriba.<\/p>\n<h3><span class=\"ez-toc-section\" id=\"El_mareo\"><\/span>El mareo?<span class=\"ez-toc-section-end\"><\/span><\/h3>\n<p>Sucede, tanto en el Paso Drake como en el Cabo de Hornos, hasta para navegantes aguerridos. Sin embargo, no se va a marear en la Ant\u00e1rtida.<\/p>\n<p>Hay medios para evitar o retrasar en mareo. Se los explicaremos una vez est\u00e1 a bordo.<\/p>\n<p>Los patches de scopolamina parecen funcionar para 100% de las personas.\u00a0 En cuanto a los dem\u00e1s m\u00e9todos, no v\u00ed nada que funcione al 100%<\/p>\n<h3><span class=\"ez-toc-section\" id=\"La_seguridad\"><\/span>La seguridad?<span class=\"ez-toc-section-end\"><\/span><\/h3>\n<p>El barco es fuerte y bi\u00e9n probado, y los equipos de seguridad s\u00f3n completos.<\/p>\n<p>Sobre todo, la tripulaci\u00f3n tiene experiencia y conoce su trabajo. Es lo m\u00e1s importante para prevenir accidentes.<\/p>\n<h3><span class=\"ez-toc-section\" id=\"Las_fechas_estan_garantizadas\"><\/span>Las fechas estan garantizadas?<span class=\"ez-toc-section-end\"><\/span><\/h3>\n<p><big><b>No. <\/b><big><\/big><\/big>Pero si acordamos sobre una <strong>expedici\u00f3n, est\u00e1 garantizada<\/strong>. Salimos s\u00ed o s\u00ed.<\/p>\n<p>La <strong>fecha de salida es a partir de la fecha convenida<\/strong>, cuando la meteo lo permite.<\/p>\n<p><strong>La fecha de llegada<\/strong> depende de su fecha de regreso y de la meteo.<\/p>\n<p style=\"padding-left: 40px;\">Desde 2015-2016 nadie perdi\u00f3 su viaje de vuelta. Pero a veces nos oblig\u00f3 a cruzar el Drake en forma adelantada para evitar largos episodios de mal tiempo.<\/p>\n<p>Para aprovechar al m\u00e1ximo de la expedici\u00f3n, llegue 2 d\u00edas antes de la fecha de partida prevista y reserve un viaje de regreso con<strong> fechas variables o con un \u00e1mplio m\u00e1rgen<\/strong>.<\/p>\n<h3><span class=\"ez-toc-section\" id=\"Antartida_Y_Cabo_de_Hornos\"><\/span>Ant\u00e1rtida Y Cabo de Hornos?<span class=\"ez-toc-section-end\"><\/span><\/h3>\n<p>El Cabo de Hornos no queda en la ruta directa hacia la Ant\u00e1rtida, sino 25 millas nauticas (46km) al oeste.<\/p>\n<p>Sin embargo es posible \u00abpasar el Cabo de Hornos\u00bb si hay tiempo suficiente y si hay une ventana meteo que lo permite.<\/p>\n<p>Como informaci\u00f3n,el los 4 \u00faltimas expediciones a la Amt\u00e1rtida, pasamos el Cabo de Hornos solamente une vez.<\/p>\n<h3><span class=\"ez-toc-section\" id=\"Porque_tan_pocas_fotos_y_videos_en_este_sitio\"><\/span>Porqu\u00e9 tan pocas fotos y videos en este sitio?<span class=\"ez-toc-section-end\"><\/span><\/h3>\n<p>Porque lo que va a vivir en la Ant\u00e1rtida supera con creces a todo lo que podemos mostrarles.<\/p>\n<p>Este sitio web debe ir a lo esencial, y el material audiovisual no ser\u00eda m\u00e1s que publicidad. Sin embargo si quiere ver fotos estupendas, vea las de Carlos Guevara Vivanco<\/p>\n<p style=\"padding-left: 40px;\"><a href=\"http:\/\/gvivanco.com\/fotos\/\">gvivanco.com\/fotos\/<\/a>, Antarctica 2023.<\/p>\n<h3><span class=\"ez-toc-section\" id=\"Porque_no_hay_nada_sobre_la_tripulacion\"><\/span>Porqu\u00e9 no hay nada sobre la tripulaci\u00f3n?<span class=\"ez-toc-section-end\"><\/span><\/h3>\n<p>Para respetar\u00a0 nuestra privacidad. Ni foto, ni informaci\u00f3n personal en la web.<\/p>\n<p>Adem\u00e1s las fotos de la tripulaci\u00f3n con muchas sonrisas no dicen c\u00f3mo va a convivir con ellos durante varias semanas (o d\u00edas, para el Cabo de Hornos).<\/p>\n<p>Cont\u00e1ctenos directamente para conocernos mejor. Podemos enviarles referencias, t\u00edtulaciones, etc. si las pide.<\/p>\n<p>&nbsp;<\/p>\n<p><big><b><a href=\"https:\/\/sonabia.org\/es\/\">Inicio<\/a>\u00a0\u00a0 <a href=\"https:\/\/sonabia.org\/es\/contact\/\">Contacto<\/a><\/b><\/big><\/p>\n","protected":false},"excerpt":{"rendered":"<p>&nbsp; Inicio\u00a0\u00a0 Contacto &#8230; sobre el Cabo de Hornos y la Ant\u00e1rtida. Si est\u00e1 seriamente interesado\/a en una expedici\u00f3n en la Ant\u00e1rtida, le\u00a0 enviaremos un documento con informaci\u00f3n completa. &nbsp; Debo tener experiencia en navegaci\u00f3n? No es necesario. Sin embargo si desea participar en las maniobras o la navegaci\u00f3n, el skipper les asignar\u00e1 t\u00e1reas adaptadas &hellip; <a href=\"https:\/\/sonabia.org\/es\/preguntas-frecuentes\/\" class=\"more-link\">Continuar leyendo<span class=\"screen-reader-text\"> \u00abPreguntas frecuentes\u00bb<\/span><\/a><\/p>\n","protected":false},"author":1,"featured_media":0,"parent":0,"menu_order":0,"comment_status":"closed","ping_status":"closed","template":"","meta":{"_monsterinsights_skip_tracking":false,"_monsterinsights_sitenote_active":false,"_monsterinsights_sitenote_note":"","_monsterinsights_sitenote_category":0,"footnotes":""},"class_list":["post-2023","page","type-page","status-publish","hentry"],"_links":{"self":[{"href":"https:\/\/sonabia.org\/es\/wp-json\/wp\/v2\/pages\/2023","targetHints":{"allow":["GET"]}}],"collection":[{"href":"https:\/\/sonabia.org\/es\/wp-json\/wp\/v2\/pages"}],"about":[{"href":"https:\/\/sonabia.org\/es\/wp-json\/wp\/v2\/types\/page"}],"author":[{"embeddable":true,"href":"https:\/\/sonabia.org\/es\/wp-json\/wp\/v2\/users\/1"}],"replies":[{"embeddable":true,"href":"https:\/\/sonabia.org\/es\/wp-json\/wp\/v2\/comments?post=2023"}],"version-history":[{"count":17,"href":"https:\/\/sonabia.org\/es\/wp-json\/wp\/v2\/pages\/2023\/revisions"}],"predecessor-version":[{"id":3862,"href":"https:\/\/sonabia.org\/es\/wp-json\/wp\/v2\/pages\/2023\/revisions\/3862"}],"wp:attachment":[{"href":"https:\/\/sonabia.org\/es\/wp-json\/wp\/v2\/media?parent=2023"}],"curies":[{"name":"wp","href":"https:\/\/api.w.org\/{rel}","templated":true}]}}