{"id":331,"date":"2020-04-21T21:07:29","date_gmt":"2020-04-21T21:07:29","guid":{"rendered":"https:\/\/sonabia.org\/?page_id=331"},"modified":"2026-03-27T15:45:23","modified_gmt":"2026-03-27T15:45:23","slug":"posts","status":"publish","type":"page","link":"https:\/\/sonabia.org\/es\/posts\/","title":{"rendered":"Posts"},"content":{"rendered":"<p><b><big><a href=\"https:\/\/sonabia.org\/es\/\">Inicio<\/a> \u00a0\u00a0 <a href=\"https:\/\/sonabia.org\/es\/contact\/\">Contacto<\/a><\/big><\/b><\/p>\n<pre>Nuevas Aventuras\r\n<a href=\"https:\/\/sonabia.org\/es\/2025-06-13-el-fiscal-de-puerto-williams-y-sus-chivatos\/\">2025 06 13 - El fiscal de Puerto Williams y sus chivatos<\/a>\r\n\r\nAnt\u00e1rtida\r\n<a style=\"cursor: pointer !important; user-select: none !important;\" href=\"https:\/\/sonabia.org\/es\/2023-02-16-antartida-paso-lemaire\/\">2023 02 16 - Ant\u00e1rtida, Paso Lemaire<\/a> \r\n<a href=\"https:\/\/sonabia.org\/es\/2023-02-13-antartida-estrecho-de-gerlache-en-la-niebla\/\">2023 02 13 - Ant\u00e1rtida, Estrecho de Gerlache en la niebla<\/a> \r\n<a href=\"https:\/\/sonabia.org\/es\/2023-09-03-antartida-febrero-2023\/\">2023 09 03 - Ant\u00e1rtida, febrero 2023<\/a> \r\n<a style=\"cursor: pointer !important; user-select: none !important;\" href=\"https:\/\/sonabia.org\/es\/2024-07-01-antartida-temporada-2023-2024\/\">2024 07 01 - Ant\u00e1rtida, Temporada 2023-2024<\/a> \r\n\r\nMedio ambiente\r\n<a href=\"https:\/\/sonabia.org\/es\/2023-06-03-turismo-en-la-antartida-alerta\/\">2023 06 03 - Turismo en la Ant\u00e1rtida - Alerta!<\/a> \r\n<a href=\"https:\/\/sonabia.org\/es\/2025-06-03-turismo-y-pesca-en-la-antartida-2a-alerta\/\">2025 06 03 - Sobreturismo y Pesca en la Ant\u00e1rtida - 2a Alerta!<\/a>\r\n<a style=\"cursor: pointer !important; user-select: none !important;\" href=\"https:\/\/sonabia.org\/es\/2023-05-13-economico-ecologico\/\">2023 05 13 - Velero: econ\u00f3mico, ecol\u00f3gico<\/a> \r\n<a href=\"https:\/\/sonabia.org\/es\/2024-06-05-huella-de-carbono-de-una-expedicion-antarctica-en-velero\/\">2024 06 06 - Huella de carbono de una expedici\u00f3n Ant\u00e1rctica en velero<\/a>\r\n\r\n\r\nCabo de Hornos \r\n<a href=\"https:\/\/sonabia.org\/es\/2016-01-29-cabo-de-hornos-400-anos\/\">2016 01 29 - Cabo de Hornos, 400 a\u00f1os<\/a> \r\n<a href=\"https:\/\/sonabia.org\/es\/2018-12-21-cabo-de-hornos-entre-dos-temporales\/\">2018 12 21 - Cabo de Hornos entre dos temporales<\/a>\r\n<a href=\"https:\/\/sonabia.org\/es\/2023-03-12-amanecer-en-el-cabo-de-hornos\/\">2023 03 12- Amanecer en el Cabo de Hornos<\/a>\r\n\r\nTripulantes para evitar\r\n<a href=\"https:\/\/sonabia.org\/es\/2025-02-10-ladrones-a-bordo\/\">2025 02 10 - Ladrones A Bordo<\/a>\r\n<a href=\"https:\/\/sonabia.org\/es\/2023-07-08-los-3-cochinitos-y-el-jabali-feroz\/\">2023 07 08 - Los 3 Cochinitos y el Jabal\u00ed Malvado<\/a>\r\n<a href=\"https:\/\/sonabia.org\/es\/2023-07-02-motin-en-la-antartida-la-pesadilla-de-la-familia\/\">2023 07 08 - Mot\u00edn en la Ant\u00e1rtida, la pesadilla de la familia<\/a>\r\n<a style=\"cursor: pointer !important; user-select: none !important;\" href=\"https:\/\/sonabia.org\/es\/2022-02-10-motin-en-la-antartida\/\">2022 02 10 - Mot\u00edn en la Ant\u00e1rtida, desde abordo<\/a> \r\n\r\n\r\nVelero\r\n<a href=\"https:\/\/sonabia.org\/es\/2021-07-29-botadura-el-barco-flota\/\">2021 07 29 - Botadura, el barco flota<\/a><a style=\"cursor: pointer !important; user-select: none !important;\" href=\"https:\/\/sonabia.org\/es\/2021-08-03-primeras-pruebas-bajo-vela\/\">\r\n2021 08 03 - Primeras pruebas, bajo vela<\/a> \r\n<a style=\"cursor: pointer !important; user-select: none !important;\" href=\"https:\/\/sonabia.org\/es\/2024-04-23-quilla-levadiza-de-acero\/\">2023 04 23 - Quilla levadiza<\/a> \r\n<a style=\"cursor: pointer !important; user-select: none !important;\" href=\"https:\/\/sonabia.org\/es\/2023-06-20-3-timones\/\">2023 06 20 - 3 timones<\/a> \r\n<a href=\"https:\/\/sonabia.org\/es\/2023-05-06-interior-minimalista\/\">2023 05 06 - Interior minimalista<\/a> \r\n<a style=\"cursor: pointer !important; user-select: none !important;\" href=\"https:\/\/sonabia.org\/es\/2023-04-29-ventilacion-por-todas-partes\/\">2023 04 29 - Ventilaci\u00f3n por todas partes<\/a> \r\n<a style=\"cursor: pointer !important; user-select: none !important;\" href=\"https:\/\/sonabia.org\/es\/2023-02-23-gris-oscuro\/\">2023 04 23 - Gris oscuro<\/a> \r\n\r\nT\u00e9cnicos \r\n<a style=\"cursor: pointer !important; user-select: none !important;\" href=\"https:\/\/sonabia.org\/es\/2023-05-20-ensayos-de-impacto-sobre-materiales-de-casco\/\">2023 05 20 - Ensayos de impacto sobre materiales de casco<\/a> \r\n<a href=\"https:\/\/sonabia.org\/es\/2023-05-22-ensayos-de-impacto-sobre-materiales-de-casco-resultados\/\">2023 05 22 - Ensayos de impacto sobre materiales de casco - resultados<\/a> \r\n<a href=\"https:\/\/sonabia.org\/2023-06-08-hull-materials-for-high-latitudes\/\">2023 06 08 - Hull materials for high latitudes <\/a>(en ingl\u00e9s) \r\n\r\n<\/pre>\n<hr \/>\n<p><b><big><a href=\"https:\/\/sonabia.org\/es\/\">Inicio<\/a> \u00a0\u00a0 <a href=\"https:\/\/sonabia.org\/es\/contact\/\">Contacto<\/a><\/big><\/b><\/p>\n","protected":false},"excerpt":{"rendered":"<p>Inicio \u00a0\u00a0 Contacto Nuevas Aventuras 2025 06 13 &#8211; El fiscal de Puerto Williams y sus chivatos Ant\u00e1rtida 2023 02 16 &#8211; Ant\u00e1rtida, Paso Lemaire 2023 02 13 &#8211; Ant\u00e1rtida, Estrecho de Gerlache en la niebla 2023 09 03 &#8211; Ant\u00e1rtida, febrero 2023 2024 07 01 &#8211; Ant\u00e1rtida, Temporada 2023-2024 Medio ambiente 2023 06 03 &hellip; <a href=\"https:\/\/sonabia.org\/es\/posts\/\" class=\"more-link\">Continuar leyendo<span class=\"screen-reader-text\"> \u00abPosts\u00bb<\/span><\/a><\/p>\n","protected":false},"author":1,"featured_media":0,"parent":0,"menu_order":0,"comment_status":"closed","ping_status":"closed","template":"","meta":{"_monsterinsights_skip_tracking":false,"_monsterinsights_sitenote_active":false,"_monsterinsights_sitenote_note":"","_monsterinsights_sitenote_category":0,"footnotes":""},"class_list":["post-331","page","type-page","status-publish","hentry"],"_links":{"self":[{"href":"https:\/\/sonabia.org\/es\/wp-json\/wp\/v2\/pages\/331","targetHints":{"allow":["GET"]}}],"collection":[{"href":"https:\/\/sonabia.org\/es\/wp-json\/wp\/v2\/pages"}],"about":[{"href":"https:\/\/sonabia.org\/es\/wp-json\/wp\/v2\/types\/page"}],"author":[{"embeddable":true,"href":"https:\/\/sonabia.org\/es\/wp-json\/wp\/v2\/users\/1"}],"replies":[{"embeddable":true,"href":"https:\/\/sonabia.org\/es\/wp-json\/wp\/v2\/comments?post=331"}],"version-history":[{"count":65,"href":"https:\/\/sonabia.org\/es\/wp-json\/wp\/v2\/pages\/331\/revisions"}],"predecessor-version":[{"id":4178,"href":"https:\/\/sonabia.org\/es\/wp-json\/wp\/v2\/pages\/331\/revisions\/4178"}],"wp:attachment":[{"href":"https:\/\/sonabia.org\/es\/wp-json\/wp\/v2\/media?parent=331"}],"curies":[{"name":"wp","href":"https:\/\/api.w.org\/{rel}","templated":true}]}}