{"id":1121,"date":"2022-04-01T08:14:34","date_gmt":"2022-04-01T08:14:34","guid":{"rendered":"https:\/\/sonabia.org\/?page_id=1121"},"modified":"2026-03-28T05:56:36","modified_gmt":"2026-03-28T05:56:36","slug":"navigation-en-antarctique","status":"publish","type":"page","link":"https:\/\/sonabia.org\/fr\/navigation-en-antarctique\/","title":{"rendered":"Exp\u00e9dition en Antarctique"},"content":{"rendered":"<p>&nbsp;<\/p>\n<p><b><big><a href=\"https:\/\/sonabia.org\/fr\/\">Accueil<\/a>\u00a0\u00a0\u00a0 <a href=\"https:\/\/sonabia.org\/fr\/contact\/\">Contact<\/a><\/big><\/b><\/p>\n<p>Exp\u00e9ditions \u00e0 la P\u00e9ninsule Antarctique en voilier depuis Ushuaia (Argentine).<\/p>\n<div>\n<div>\n<div>Dur\u00e9e: 3 semaines (voir timing plus bas)<\/div>\n<\/div>\n<\/div>\n<div><\/div>\n<div>Capacit\u00e9: 4 personnes (max 6) + skipper + second<\/div>\n<div>\n<div>\n<div>\n<div><\/div>\n<div>\n<div>\n<div>\n<div>\n<div>\n<div>Saison: d\u00e9cembre, janvier et f\u00e9vrier (1 exp\u00e9dition par mois).<\/div>\n<div><\/div>\n<div>R\u00e9servations a partir de mai, nombre de places limit\u00e9.<\/div>\n<div><\/div>\n<\/div>\n<\/div>\n<\/div>\n<\/div>\n<\/div>\n<\/div>\n<\/div>\n<div>\n<p><img loading=\"lazy\" decoding=\"async\" class=\"alignnone size-medium wp-image-2042\" src=\"https:\/\/sonabia.org\/wp-content\/uploads\/2023\/04\/2023_02_13_videla_sonabia2_dji-1-300x169.jpg\" alt=\"\" width=\"300\" height=\"169\" srcset=\"https:\/\/sonabia.org\/wp-content\/uploads\/2023\/04\/2023_02_13_videla_sonabia2_dji-1-300x169.jpg 300w, https:\/\/sonabia.org\/wp-content\/uploads\/2023\/04\/2023_02_13_videla_sonabia2_dji-1-1024x576.jpg 1024w, https:\/\/sonabia.org\/wp-content\/uploads\/2023\/04\/2023_02_13_videla_sonabia2_dji-1-768x432.jpg 768w, https:\/\/sonabia.org\/wp-content\/uploads\/2023\/04\/2023_02_13_videla_sonabia2_dji-1-1200x675.jpg 1200w, https:\/\/sonabia.org\/wp-content\/uploads\/2023\/04\/2023_02_13_videla_sonabia2_dji-1.jpg 1280w\" sizes=\"auto, (max-width: 300px) 85vw, 300px\" \/><\/p>\n<p><img loading=\"lazy\" decoding=\"async\" class=\"wp-image-1101 size-medium alignnone\" src=\"https:\/\/sonabia.org\/wp-content\/uploads\/2022\/04\/2022_02_14_paradise_videla_101359_small-300x225.jpg\" alt=\"\" width=\"300\" height=\"225\" srcset=\"https:\/\/sonabia.org\/wp-content\/uploads\/2022\/04\/2022_02_14_paradise_videla_101359_small-300x225.jpg 300w, https:\/\/sonabia.org\/wp-content\/uploads\/2022\/04\/2022_02_14_paradise_videla_101359_small.jpg 327w\" sizes=\"auto, (max-width: 300px) 85vw, 300px\" \/><\/p>\n<p><img loading=\"lazy\" decoding=\"async\" class=\"alignnone size-medium wp-image-2045\" src=\"https:\/\/sonabia.org\/wp-content\/uploads\/2023\/04\/2023_02_13_gerlache-300x225.png\" alt=\"\" width=\"300\" height=\"225\" srcset=\"https:\/\/sonabia.org\/wp-content\/uploads\/2023\/04\/2023_02_13_gerlache-300x225.png 300w, https:\/\/sonabia.org\/wp-content\/uploads\/2023\/04\/2023_02_13_gerlache.png 640w\" sizes=\"auto, (max-width: 300px) 85vw, 300px\" \/><\/p>\n<p><img loading=\"lazy\" decoding=\"async\" class=\"alignnone size-medium wp-image-2048\" src=\"https:\/\/sonabia.org\/wp-content\/uploads\/2023\/04\/DSC3201_2000_1300_medium-300x200.jpg\" alt=\"\" width=\"300\" height=\"200\" srcset=\"https:\/\/sonabia.org\/wp-content\/uploads\/2023\/04\/DSC3201_2000_1300_medium-300x200.jpg 300w, https:\/\/sonabia.org\/wp-content\/uploads\/2023\/04\/DSC3201_2000_1300_medium-1024x682.jpg 1024w, https:\/\/sonabia.org\/wp-content\/uploads\/2023\/04\/DSC3201_2000_1300_medium-768x512.jpg 768w, https:\/\/sonabia.org\/wp-content\/uploads\/2023\/04\/DSC3201_2000_1300_medium-1536x1024.jpg 1536w, https:\/\/sonabia.org\/wp-content\/uploads\/2023\/04\/DSC3201_2000_1300_medium-1200x800.jpg 1200w, https:\/\/sonabia.org\/wp-content\/uploads\/2023\/04\/DSC3201_2000_1300_medium.jpg 2000w\" sizes=\"auto, (max-width: 300px) 85vw, 300px\" \/><\/p>\n<p><img loading=\"lazy\" decoding=\"async\" class=\"alignnone size-medium wp-image-2057\" src=\"https:\/\/sonabia.org\/wp-content\/uploads\/2023\/04\/2023_02_16_lemaire-300x225.png\" alt=\"\" width=\"300\" height=\"225\" srcset=\"https:\/\/sonabia.org\/wp-content\/uploads\/2023\/04\/2023_02_16_lemaire-300x225.png 300w, https:\/\/sonabia.org\/wp-content\/uploads\/2023\/04\/2023_02_16_lemaire.png 640w\" sizes=\"auto, (max-width: 300px) 85vw, 300px\" \/><\/p>\n<p><img loading=\"lazy\" decoding=\"async\" class=\"alignnone size-medium wp-image-2054\" src=\"https:\/\/sonabia.org\/wp-content\/uploads\/2023\/04\/DSC3362_2000_1300_medium-300x200.jpg\" alt=\"\" width=\"300\" height=\"200\" srcset=\"https:\/\/sonabia.org\/wp-content\/uploads\/2023\/04\/DSC3362_2000_1300_medium-300x200.jpg 300w, https:\/\/sonabia.org\/wp-content\/uploads\/2023\/04\/DSC3362_2000_1300_medium-1024x682.jpg 1024w, https:\/\/sonabia.org\/wp-content\/uploads\/2023\/04\/DSC3362_2000_1300_medium-768x512.jpg 768w, https:\/\/sonabia.org\/wp-content\/uploads\/2023\/04\/DSC3362_2000_1300_medium-1536x1024.jpg 1536w, https:\/\/sonabia.org\/wp-content\/uploads\/2023\/04\/DSC3362_2000_1300_medium-1200x800.jpg 1200w, https:\/\/sonabia.org\/wp-content\/uploads\/2023\/04\/DSC3362_2000_1300_medium.jpg 2000w\" sizes=\"auto, (max-width: 300px) 85vw, 300px\" \/><\/p>\n<p>&nbsp;<\/p>\n<\/div>\n<\/div>\n<h2>Timing<\/h2>\n<p>1 &#8211; Ushuaia . Attente d\u00b4une \u00b4fen\u00eatre m\u00e9t\u00e9o\u00b4\u00a0 pour traverser le Passage de Drake.<\/p>\n<p>2 &#8211; Travers\u00e9e du Passage de Drake, en moyenne 4 jours. Premi\u00e8re \u00e9tape de l\u00b4Aventure. Le Drake est renomm\u00e9 pour ses\u00a0 forts coups de vent et ses vagues. C\u00b4est un d\u00e9fi personnel pour les navigateurs exp\u00e9riment\u00e9s aussi bien que les novices.<\/p>\n<p>3 &#8211; Croisi\u00e8re en Antarctique, en moyenne 12 jours. Nous visitons entre 9 et 12 sites. Navigation de jour, souvent au moteur dans les glaces. Nuit \u00e0 l\u00b4ancre et descente \u00e0 terre chaque fois que la m\u00e9t\u00e9o le permet.<\/p>\n<p>4 &#8211; Attente d\u00b4une fen\u00eatre m\u00e9t\u00e9o dans l\u00b4Archipel Melchior. Un site de toute beaut\u00e9 pour y passer un ou plusieurs jours.<\/p>\n<p>5 &#8211; Travers\u00e9e retour du Drake. Moyenne 4 jours. Si vous avez des dates de voyage fix\u00e9es, nous nous assurerons que vous ne les perdrez pas.<\/p>\n<p>&nbsp;<\/p>\n<h2>\u00c9cologie<\/h2>\n<p>Le voilier suit les r\u00e8gles du Trait\u00e9 Antarctique, son permis est renouvel\u00e9 chaque ann\u00e9e. En outre, son impact environnemental est minimal.<\/p>\n<p>L\u00b4empreinte carbone d\u00b4une navigation de 3 semaines est\u00a0 <strong>255kg de CO2 par personne<\/strong>. En comparaison, son empreinte sur un bateau de passagers \u00ab\u00a0id\u00e9alement \u00e9cologique\u00a0\u00bb serait sup\u00e9rieure \u00e0 800 kg de CO2.<\/p>\n<p>Tous les d\u00e9chets non d\u00e9gradables se ram\u00e8nent au port.<\/p>\n<p>L\u00b4observation des animaux respecte le Protocole de Madrid: on essaye autant que posible de ne pas les molester et de garder nos distances.<\/p>\n<p>&nbsp;<\/p>\n<div>\n<div>\n<div>\n<h2>Autres informations<\/h2>\n<p>Langue parl\u00e9e \u00e0 bord: Fran\u00e7ais, Espagnol, Anglais.<\/p>\n<p>Assurance: vous devez avoir une assurance de voyage individuelle.<\/p>\n<p>Bagage. 1 ou 2 sacs (sac de marin ou sac \u00e0 dos), PAS DE VALISES RIGIDES.<\/p>\n<p>Sac de couchage: il est recommand\u00e9 d\u00b4amener le votre.<\/p>\n<p>V\u00eatements: v\u00eatements chauds, gants, bonnets, lunettes de soleil haute protection ,\u00a0 lunettes de ski.<\/p>\n<p>Chaussures: chaussures d\u00b4int\u00e9rieur pour le bateau, et bottes de caoutchouc \u00e0 tige haute pour descente \u00e0 terre.<\/p>\n<\/div>\n<\/div>\n<p><b>Budget, voyage, logement?<\/b>\u00a0 <b><a href=\"https:\/\/sonabia.org\/fr\/contact\/\">nous contacter<\/a><\/b><\/p>\n<\/div>\n<div>\n<div>\n<p><iframe loading=\"lazy\" title=\"2022 02 05 - Sailing Drake Passage\" width=\"840\" height=\"630\" src=\"https:\/\/www.youtube.com\/embed\/Q2HH-WJFgvI?feature=oembed\" frameborder=\"0\" allow=\"accelerometer; autoplay; clipboard-write; encrypted-media; gyroscope; picture-in-picture; web-share\" referrerpolicy=\"strict-origin-when-cross-origin\" allowfullscreen><\/iframe><\/p>\n<\/div>\n<\/div>\n<div>\n<p><iframe loading=\"lazy\" title=\"Antarctica expedition - February -March 2023\" width=\"840\" height=\"473\" src=\"https:\/\/www.youtube.com\/embed\/UeS5SbmnAMA?feature=oembed\" frameborder=\"0\" allow=\"accelerometer; autoplay; clipboard-write; encrypted-media; gyroscope; picture-in-picture; web-share\" referrerpolicy=\"strict-origin-when-cross-origin\" allowfullscreen><\/iframe><\/p>\n<\/div>\n<pre>Vid\u00e9os: Eric, 2022 - Carlos, 2023<\/pre>\n<div>\n<hr \/>\n<\/div>\n<div><\/div>\n<div><b><big><a href=\"https:\/\/sonabia.org\/fr\/\">Accueil<\/a> \u00a0 \u00a0 <a href=\"https:\/\/sonabia.org\/fr\/contact\/\">Contact<\/a><\/big><\/b>\u00a0 \u00a0<b><big> <a href=\"https:\/\/sonabia.org\/fr\/questions-frequentes\/\">Questions fr\u00e9quentes<\/a><\/big><\/b><\/div>\n<div><\/div>\n","protected":false},"excerpt":{"rendered":"<p>&nbsp; Accueil\u00a0\u00a0\u00a0 Contact Exp\u00e9ditions \u00e0 la P\u00e9ninsule Antarctique en voilier depuis Ushuaia (Argentine). Dur\u00e9e: 3 semaines (voir timing plus bas) Capacit\u00e9: 4 personnes (max 6) + skipper + second Saison: d\u00e9cembre, janvier et f\u00e9vrier (1 exp\u00e9dition par mois). R\u00e9servations a partir de mai, nombre de places limit\u00e9. &nbsp; Timing 1 &#8211; Ushuaia . Attente d\u00b4une &hellip; <a href=\"https:\/\/sonabia.org\/fr\/navigation-en-antarctique\/\" class=\"more-link\">Continuer la lecture<span class=\"screen-reader-text\"> de &laquo;&nbsp;Exp\u00e9dition en Antarctique&nbsp;&raquo;<\/span><\/a><\/p>\n","protected":false},"author":1,"featured_media":0,"parent":0,"menu_order":0,"comment_status":"closed","ping_status":"closed","template":"","meta":{"_monsterinsights_skip_tracking":false,"_monsterinsights_sitenote_active":false,"_monsterinsights_sitenote_note":"","_monsterinsights_sitenote_category":0,"footnotes":""},"class_list":["post-1121","page","type-page","status-publish","hentry"],"_links":{"self":[{"href":"https:\/\/sonabia.org\/fr\/wp-json\/wp\/v2\/pages\/1121","targetHints":{"allow":["GET"]}}],"collection":[{"href":"https:\/\/sonabia.org\/fr\/wp-json\/wp\/v2\/pages"}],"about":[{"href":"https:\/\/sonabia.org\/fr\/wp-json\/wp\/v2\/types\/page"}],"author":[{"embeddable":true,"href":"https:\/\/sonabia.org\/fr\/wp-json\/wp\/v2\/users\/1"}],"replies":[{"embeddable":true,"href":"https:\/\/sonabia.org\/fr\/wp-json\/wp\/v2\/comments?post=1121"}],"version-history":[{"count":37,"href":"https:\/\/sonabia.org\/fr\/wp-json\/wp\/v2\/pages\/1121\/revisions"}],"predecessor-version":[{"id":4186,"href":"https:\/\/sonabia.org\/fr\/wp-json\/wp\/v2\/pages\/1121\/revisions\/4186"}],"wp:attachment":[{"href":"https:\/\/sonabia.org\/fr\/wp-json\/wp\/v2\/media?parent=1121"}],"curies":[{"name":"wp","href":"https:\/\/api.w.org\/{rel}","templated":true}]}}