{"id":1355,"date":"2022-05-03T04:23:06","date_gmt":"2022-05-03T04:23:06","guid":{"rendered":"https:\/\/sonabia.org\/?page_id=1355"},"modified":"2025-06-13T06:08:17","modified_gmt":"2025-06-13T06:08:17","slug":"associations-sans-but-lucratif","status":"publish","type":"page","link":"https:\/\/sonabia.org\/fr\/associations-sans-but-lucratif\/","title":{"rendered":"Navigation Mer et Nature"},"content":{"rendered":"<p><img loading=\"lazy\" decoding=\"async\" class=\"alignnone size-medium wp-image-1729\" src=\"https:\/\/sonabia.org\/wp-content\/uploads\/2023\/04\/sonabia2_bas_relief_rotate_3_papyrus-300x300.jpg\" alt=\"\" width=\"300\" height=\"300\" srcset=\"https:\/\/sonabia.org\/wp-content\/uploads\/2023\/04\/sonabia2_bas_relief_rotate_3_papyrus-300x300.jpg 300w, https:\/\/sonabia.org\/wp-content\/uploads\/2023\/04\/sonabia2_bas_relief_rotate_3_papyrus-1024x1024.jpg 1024w, https:\/\/sonabia.org\/wp-content\/uploads\/2023\/04\/sonabia2_bas_relief_rotate_3_papyrus-150x150.jpg 150w, https:\/\/sonabia.org\/wp-content\/uploads\/2023\/04\/sonabia2_bas_relief_rotate_3_papyrus-768x768.jpg 768w, https:\/\/sonabia.org\/wp-content\/uploads\/2023\/04\/sonabia2_bas_relief_rotate_3_papyrus-1200x1200.jpg 1200w, https:\/\/sonabia.org\/wp-content\/uploads\/2023\/04\/sonabia2_bas_relief_rotate_3_papyrus.jpg 1420w\" sizes=\"auto, (max-width: 300px) 85vw, 300px\" \/><\/p>\n<p>Association sans but lucratif, Loi 1901 No W641013451,\u00a0 \u00a0date de cr\u00e9ation 2022 04 13.<\/p>\n<p>Les participations financi\u00e8res sont utilis\u00e9es pour payer les d\u00e9penses et les services de professionnels.\u00a0 Les exc\u00e9dents, s\u00b4il y en a, sont r\u00e9investis dans les bateaux. Il n\u00b4y a pas de b\u00e9n\u00e9fices.<\/p>\n<p>Ceci nous permet d\u00b4offrir des prix accessibles.<\/p>\n<p><strong>Information l\u00e9gale<\/strong>. Dans les navigations associatives sans but lucratif:<\/p>\n<ul>\n<li style=\"list-style-type: none;\">\n<ul>\n<li style=\"list-style-type: none;\">\n<ul>\n<li>tout le monde est \u00e9quipier except\u00e9 le Capitaine. Il n\u00b4y a pas de passagers.<\/li>\n<li>certains \u00e9quipiers sont permanents et\/ou et professionnels.<\/li>\n<li>le navire est un bateau de plaisance, et non une petite embarcation commerciale.<\/li>\n<\/ul>\n<\/li>\n<\/ul>\n<\/li>\n<\/ul>\n<p><a href=\"https:\/\/sonabia.org\/wp-content\/uploads\/2025\/06\/statuts_navigation_mer_nature_extraits.pdf\" target=\"_blank\" rel=\"noopener\">Statuts Navigation Mer et Nature<\/a> (extraits)<\/p>\n<hr \/>\n<p><big><a href=\"https:\/\/sonabia.org\/fr\/\">Accueil<\/a>\u00a0\u00a0\u00a0\u00a0\u00a0\u00a0 <a href=\"https:\/\/sonabia.org\/fr\/contact\/\">Contact<\/a><\/big><\/p>\n<p>&nbsp;<\/p>\n","protected":false},"excerpt":{"rendered":"<p>Association sans but lucratif, Loi 1901 No W641013451,\u00a0 \u00a0date de cr\u00e9ation 2022 04 13. Les participations financi\u00e8res sont utilis\u00e9es pour payer les d\u00e9penses et les services de professionnels.\u00a0 Les exc\u00e9dents, s\u00b4il y en a, sont r\u00e9investis dans les bateaux. Il n\u00b4y a pas de b\u00e9n\u00e9fices. Ceci nous permet d\u00b4offrir des prix accessibles. Information l\u00e9gale. Dans &hellip; <a href=\"https:\/\/sonabia.org\/fr\/associations-sans-but-lucratif\/\" class=\"more-link\">Continuer la lecture<span class=\"screen-reader-text\"> de &laquo;&nbsp;Navigation Mer et Nature&nbsp;&raquo;<\/span><\/a><\/p>\n","protected":false},"author":1,"featured_media":0,"parent":0,"menu_order":0,"comment_status":"closed","ping_status":"closed","template":"","meta":{"_monsterinsights_skip_tracking":false,"_monsterinsights_sitenote_active":false,"_monsterinsights_sitenote_note":"","_monsterinsights_sitenote_category":0,"footnotes":""},"class_list":["post-1355","page","type-page","status-publish","hentry"],"_links":{"self":[{"href":"https:\/\/sonabia.org\/fr\/wp-json\/wp\/v2\/pages\/1355","targetHints":{"allow":["GET"]}}],"collection":[{"href":"https:\/\/sonabia.org\/fr\/wp-json\/wp\/v2\/pages"}],"about":[{"href":"https:\/\/sonabia.org\/fr\/wp-json\/wp\/v2\/types\/page"}],"author":[{"embeddable":true,"href":"https:\/\/sonabia.org\/fr\/wp-json\/wp\/v2\/users\/1"}],"replies":[{"embeddable":true,"href":"https:\/\/sonabia.org\/fr\/wp-json\/wp\/v2\/comments?post=1355"}],"version-history":[{"count":13,"href":"https:\/\/sonabia.org\/fr\/wp-json\/wp\/v2\/pages\/1355\/revisions"}],"predecessor-version":[{"id":3646,"href":"https:\/\/sonabia.org\/fr\/wp-json\/wp\/v2\/pages\/1355\/revisions\/3646"}],"wp:attachment":[{"href":"https:\/\/sonabia.org\/fr\/wp-json\/wp\/v2\/media?parent=1355"}],"curies":[{"name":"wp","href":"https:\/\/api.w.org\/{rel}","templated":true}]}}