{"id":1459,"date":"2022-06-07T12:41:29","date_gmt":"2022-06-07T12:41:29","guid":{"rendered":"https:\/\/sonabia.org\/?page_id=1459"},"modified":"2026-03-26T08:47:55","modified_gmt":"2026-03-26T08:47:55","slug":"calendrier","status":"publish","type":"page","link":"https:\/\/sonabia.org\/fr\/calendrier\/","title":{"rendered":"Calendrier"},"content":{"rendered":"<h3><\/h3>\n<p>Pas d&rsquo; exp\u00e9ditions pour le moment<\/p>\n<p><em>derni\u00e8re mise \u00e0 jour: 2025 01 30.<\/em><\/p>\n<p>&nbsp;<\/p>\n<p>&nbsp;<\/p>\n<hr \/>\n<p><big><b><a href=\"https:\/\/sonabia.org\/fr\/contact\/\">Contact<\/a> \u00a0\u00a0 <a href=\"https:\/\/sonabia.org\/fr\/\">Accueil<\/a><\/b><\/big><\/p>\n<p>&nbsp;<\/p>\n<p>&nbsp;<\/p>\n<p>&nbsp;<\/p>\n","protected":false},"excerpt":{"rendered":"<p>Pas d&rsquo; exp\u00e9ditions pour le moment derni\u00e8re mise \u00e0 jour: 2025 01 30. &nbsp; &nbsp; Contact \u00a0\u00a0 Accueil &nbsp; &nbsp; &nbsp;<\/p>\n","protected":false},"author":1,"featured_media":0,"parent":0,"menu_order":0,"comment_status":"closed","ping_status":"closed","template":"","meta":{"_monsterinsights_skip_tracking":false,"_monsterinsights_sitenote_active":false,"_monsterinsights_sitenote_note":"","_monsterinsights_sitenote_category":0,"footnotes":""},"class_list":["post-1459","page","type-page","status-publish","hentry"],"_links":{"self":[{"href":"https:\/\/sonabia.org\/fr\/wp-json\/wp\/v2\/pages\/1459","targetHints":{"allow":["GET"]}}],"collection":[{"href":"https:\/\/sonabia.org\/fr\/wp-json\/wp\/v2\/pages"}],"about":[{"href":"https:\/\/sonabia.org\/fr\/wp-json\/wp\/v2\/types\/page"}],"author":[{"embeddable":true,"href":"https:\/\/sonabia.org\/fr\/wp-json\/wp\/v2\/users\/1"}],"replies":[{"embeddable":true,"href":"https:\/\/sonabia.org\/fr\/wp-json\/wp\/v2\/comments?post=1459"}],"version-history":[{"count":29,"href":"https:\/\/sonabia.org\/fr\/wp-json\/wp\/v2\/pages\/1459\/revisions"}],"predecessor-version":[{"id":3845,"href":"https:\/\/sonabia.org\/fr\/wp-json\/wp\/v2\/pages\/1459\/revisions\/3845"}],"wp:attachment":[{"href":"https:\/\/sonabia.org\/fr\/wp-json\/wp\/v2\/media?parent=1459"}],"curies":[{"name":"wp","href":"https:\/\/api.w.org\/{rel}","templated":true}]}}