{"id":329,"date":"2020-04-21T21:06:35","date_gmt":"2020-04-21T21:06:35","guid":{"rendered":"https:\/\/sonabia.org\/?page_id=329"},"modified":"2026-03-27T14:20:50","modified_gmt":"2026-03-27T14:20:50","slug":"posts","status":"publish","type":"page","link":"https:\/\/sonabia.org\/fr\/posts\/","title":{"rendered":"Posts"},"content":{"rendered":"<p><b><big><a href=\"https:\/\/sonabia.org\/fr\/\">Accueil<\/a> \u00a0\u00a0 <a href=\"https:\/\/sonabia.org\/fr\/contact\/\">Contact<\/a><\/big><\/b><\/p>\n<pre>Nouvelles Aventures \r\n<a href=\"https:\/\/sonabia.org\/fr\/2025-06-13-le-procureur-de-puerto-williams-et-ses-delateurs\/\">2025 06 13 - Le Procureur de Puerto Williams et ses d\u00e9lateurs<\/a> \r\n\r\nAntarctique \r\n<a style=\"cursor: pointer !important; user-select: none !important;\" href=\"https:\/\/sonabia.org\/fr\/2024-07-01-antarctique-saison-2023-2024\/\">2024 07 01 - Antarctique, saison 2023 - 2024<\/a> \r\n<a href=\"https:\/\/sonabia.org\/fr\/2023-02-16-antarctique-passage-lemaire\/\">2023 02 16 - Antarctique, Passage Lemaire<\/a> \r\n<a href=\"https:\/\/sonabia.org\/fr\/2023-02-13-antartique-detroit-de-gerlache-dans-la-brume\/\">2023 02 13 - Antarctique, D\u00e9troit de Gerlache dans la brume<\/a> \r\n<a href=\"https:\/\/sonabia.org\/fr\/2023-09-03-antarctique-fevrier-2023\/\">2023 09 03 - Antarctique, f\u00e9vrier 2023<\/a> \r\n\r\n\u00c9quipiers \u00e0 eviter \r\n<a href=\"https:\/\/sonabia.org\/fr\/2025-02-10-voleurs-a-bord\/\">2025 02 10 - Voleurs \u00e0 bord<\/a> \r\n<a href=\"https:\/\/sonabia.org\/fr\/2023-07-08-les-3-petits-cochons-et-le-grand-mechant-sanglier\/\">2023 07 08 - Les 3 Petits Cochons et le Grand M\u00e9chant Sanglier<\/a> \r\n<a href=\"https:\/\/sonabia.org\/fr\/2023-07-02-mutinerie-en-antarctique-le-cauchemar-de-la-famille\/\">2023 07 08 - Mutinerie en Antarctique, le cauchemar de la famille<\/a> \r\n<a href=\"https:\/\/sonabia.org\/fr\/2022-02-10-mutinerie-en-antarctique\/\">2022 02 10 - Mutinerie en Antarctique, v\u00e9cue \u00e0 bord<\/a> \r\n\r\nVoilier \r\n<a href=\"https:\/\/sonabia.org\/fr\/2024-04-23-quille-relevable-en-acier\/\">2024 04 23 - Quille relevable en acier<\/a> \r\n<a href=\"https:\/\/sonabia.org\/fr\/2023-06-20-3-safrans\/\">2023 06 20 - 3 safrans<\/a> \r\n<a style=\"cursor: pointer !important; user-select: none !important;\" href=\"https:\/\/sonabia.org\/fr\/2023-05-06-interieur-minimaliste\/\">2023 05 06 - Int\u00e9rieur minimaliste<\/a> \r\n<a href=\"https:\/\/sonabia.org\/fr\/2023-04-29-ventilation-partout\/\">2023 04 29 - Ventilation partout<\/a> \r\n<a href=\"https:\/\/sonabia.org\/fr\/2023-02-23-gris-fonce\/\">2023 04 23 - Gris fonc\u00e9<\/a> \r\n\r\nTechnique \r\n<a href=\"https:\/\/sonabia.org\/fr\/2023-05-20-tests-d-impact-sur-materiaux-de-coque\/\">2023 05 20 - Tests d' impact sur materiaux de coque<\/a> \r\n<a href=\"https:\/\/sonabia.org\/fr\/2023-05-22-tests-dimpact-sur-materiaux-de-coque-resultats\/\">2023 05 22 - Tests d\u00b4impact sur mat\u00e9riaux de coque - r\u00e9sultats<\/a> \r\n<a href=\"https:\/\/sonabia.org\/2023-06-08-hull-materials-for-high-latitudes\/\">2023 06 08 - Hull materials for high latitudes <\/a>(en anglais) \r\n\r\nCap Horn \r\n<a href=\"https:\/\/sonabia.org\/fr\/2016-01-29-cap-horn-400-ans\/\">2016 01 29 - Cape Horn, 400 ans<\/a> \r\n<a href=\"https:\/\/sonabia.org\/fr\/2018-12-21-cap-horn-entre-deux-coups-de-vent\/\">2018-12-21 - Cap Horn entre deux coups de vent<\/a>\r\n<a href=\"https:\/\/sonabia.org\/fr\/2023-03-12-lever-de-soleil-au-cap-horn\/\">2023-03-12 - Lever de soleil au Cap Horn<\/a>\r\n\r\nEnvironnement \r\n<a href=\"https:\/\/sonabia.org\/fr\/2023-06-03-tourisme-en-antarctique-alerte\/\">2023 06 03 - Tourisme en Antarctique - Alerte!<\/a> \r\n<a href=\"https:\/\/sonabia.org\/fr\/2025-06-03-tourisme-et-peche-en-antarctique-2eme-alerte\/\">2025 06 03 - Surtourisme et P\u00eache en Antarctique - 2eme Alerte!<\/a> \r\n<a href=\"https:\/\/sonabia.org\/fr\/2023-05-13-economique-ecologique\/\">2023 05 13 - Voilier: \u00e9conomique, \u00e9cologique<\/a> \r\n<a href=\"https:\/\/sonabia.org\/fr\/2024-06-05-empreinte-carbone-dune-expedition-antarctique-en-voilier\/\">2024 06 06 - Empreinte carbone d\u00b4une exp\u00e9dition Antarctique en voilier<\/a> \r\n\r\n\r\n\r\n<\/pre>\n<hr \/>\n<p><b><big><a href=\"https:\/\/sonabia.org\/fr\/\">Accueil<\/a> \u00a0\u00a0 <a href=\"https:\/\/sonabia.org\/fr\/contact\/\">Contact<\/a><\/big><\/b><\/p>\n","protected":false},"excerpt":{"rendered":"<p>Accueil \u00a0\u00a0 Contact Nouvelles Aventures 2025 06 13 &#8211; Le Procureur de Puerto Williams et ses d\u00e9lateurs Antarctique 2024 07 01 &#8211; Antarctique, saison 2023 &#8211; 2024 2023 02 16 &#8211; Antarctique, Passage Lemaire 2023 02 13 &#8211; Antarctique, D\u00e9troit de Gerlache dans la brume 2023 09 03 &#8211; Antarctique, f\u00e9vrier 2023 \u00c9quipiers \u00e0 eviter &hellip; <a href=\"https:\/\/sonabia.org\/fr\/posts\/\" class=\"more-link\">Continuer la lecture<span class=\"screen-reader-text\"> de &laquo;&nbsp;Posts&nbsp;&raquo;<\/span><\/a><\/p>\n","protected":false},"author":1,"featured_media":0,"parent":0,"menu_order":0,"comment_status":"closed","ping_status":"closed","template":"","meta":{"_monsterinsights_skip_tracking":false,"_monsterinsights_sitenote_active":false,"_monsterinsights_sitenote_note":"","_monsterinsights_sitenote_category":0,"footnotes":""},"class_list":["post-329","page","type-page","status-publish","hentry"],"_links":{"self":[{"href":"https:\/\/sonabia.org\/fr\/wp-json\/wp\/v2\/pages\/329","targetHints":{"allow":["GET"]}}],"collection":[{"href":"https:\/\/sonabia.org\/fr\/wp-json\/wp\/v2\/pages"}],"about":[{"href":"https:\/\/sonabia.org\/fr\/wp-json\/wp\/v2\/types\/page"}],"author":[{"embeddable":true,"href":"https:\/\/sonabia.org\/fr\/wp-json\/wp\/v2\/users\/1"}],"replies":[{"embeddable":true,"href":"https:\/\/sonabia.org\/fr\/wp-json\/wp\/v2\/comments?post=329"}],"version-history":[{"count":49,"href":"https:\/\/sonabia.org\/fr\/wp-json\/wp\/v2\/pages\/329\/revisions"}],"predecessor-version":[{"id":4135,"href":"https:\/\/sonabia.org\/fr\/wp-json\/wp\/v2\/pages\/329\/revisions\/4135"}],"wp:attachment":[{"href":"https:\/\/sonabia.org\/fr\/wp-json\/wp\/v2\/media?parent=329"}],"curies":[{"name":"wp","href":"https:\/\/api.w.org\/{rel}","templated":true}]}}