{"id":5,"date":"2020-02-26T14:53:33","date_gmt":"2020-02-26T14:53:33","guid":{"rendered":"https:\/\/sonabia.org\/?page_id=5"},"modified":"2026-03-27T14:21:51","modified_gmt":"2026-03-27T14:21:51","slug":"accueil","status":"publish","type":"page","link":"https:\/\/sonabia.org\/fr\/","title":{"rendered":"Antarctique, Cap Horn"},"content":{"rendered":"<p>Exp\u00e9ditions\u00a0 Antarctique\u00a0 en voilier.<\/p>\n<pre><em>Sonabia. C'\u00e8tait le nom de notre voilier ant\u00e9rieur. Il a navigu\u00e9 dans les 40emes rugissants, en Antarctique et a fait plusieurs fois le tour du Cap Horn.<\/em><\/pre>\n<hr \/>\n<p><a href=\"https:\/\/sonabia.org\/fr\/navigation-en-antarctique\/\"><big>Antarctique<\/big><\/a><\/p>\n<p><a href=\"https:\/\/sonabia.org\/sailing-to-antarctica\/\"><img loading=\"lazy\" decoding=\"async\" class=\"alignnone wp-image-1101 size-thumbnail\" src=\"https:\/\/sonabia.org\/wp-content\/uploads\/2022\/04\/2022_02_14_paradise_videla_101359_small-150x150.jpg\" alt=\"\" width=\"150\" height=\"150\" \/><\/a><\/p>\n<hr \/>\n<p><a href=\"https:\/\/sonabia.org\/fr\/voilier\/\"><big>Voilier<\/big><\/a><\/p>\n<p><img loading=\"lazy\" decoding=\"async\" class=\"alignnone wp-image-907 size-thumbnail\" src=\"https:\/\/sonabia.org\/wp-content\/uploads\/2022\/03\/2022_03_09_sonabias_lauta_141838_small-150x150.jpg\" alt=\"\" width=\"150\" height=\"150\" \/><\/p>\n<p>&nbsp;<\/p>\n<hr \/>\n<p><a href=\"https:\/\/sonabia.org\/fr\/associations-sans-but-lucratif\/\"><big>Association Navigation Mer et Nature<\/big><\/a><\/p>\n<p><a href=\"https:\/\/sonabia.org\/non-profict-associations\/\"><img loading=\"lazy\" decoding=\"async\" class=\"alignnone wp-image-1729 size-thumbnail\" src=\"https:\/\/sonabia.org\/wp-content\/uploads\/2023\/04\/sonabia2_bas_relief_rotate_3_papyrus-150x150.jpg\" alt=\"\" width=\"150\" height=\"150\" srcset=\"https:\/\/sonabia.org\/wp-content\/uploads\/2023\/04\/sonabia2_bas_relief_rotate_3_papyrus-150x150.jpg 150w, https:\/\/sonabia.org\/wp-content\/uploads\/2023\/04\/sonabia2_bas_relief_rotate_3_papyrus-300x300.jpg 300w, https:\/\/sonabia.org\/wp-content\/uploads\/2023\/04\/sonabia2_bas_relief_rotate_3_papyrus-1024x1024.jpg 1024w, https:\/\/sonabia.org\/wp-content\/uploads\/2023\/04\/sonabia2_bas_relief_rotate_3_papyrus-768x768.jpg 768w, https:\/\/sonabia.org\/wp-content\/uploads\/2023\/04\/sonabia2_bas_relief_rotate_3_papyrus-1200x1200.jpg 1200w, https:\/\/sonabia.org\/wp-content\/uploads\/2023\/04\/sonabia2_bas_relief_rotate_3_papyrus.jpg 1420w\" sizes=\"auto, (max-width: 150px) 85vw, 150px\" \/><\/a><\/p>\n<pre>Expeditions organis\u00e9es par l\u00b4association sans but lucratif Navigation Mer et Nature<\/pre>\n<hr \/>\n<p>&nbsp;<\/p>\n<h3>Posts r\u00e9cents<\/h3>\n<pre>Nouvelles Aventures\r\n<a href=\"https:\/\/sonabia.org\/fr\/2025-06-13-le-procureur-de-puerto-williams-et-ses-delateurs\/\">2025 06 13 - Le Procureur de Puerto Williams et ses d\u00e9lateurs<\/a>\r\n\r\nAntarctique\r\n<a style=\"cursor: pointer !important; user-select: none !important;\" href=\"https:\/\/sonabia.org\/fr\/2024-07-01-antarctique-saison-2023-2024\/\">2024 07 01 - Antarctique, saison 2023 - 2024<\/a>\r\n<a href=\"https:\/\/sonabia.org\/fr\/2023-02-16-antarctique-passage-lemaire\/\">2023 02 16 - Antarctique, Passage Lemaire<\/a> \r\n<a style=\"cursor: pointer !important; user-select: none !important;\" href=\"https:\/\/sonabia.org\/fr\/2023-02-13-antartique-detroit-de-gerlache-dans-la-brume\/\">2023 02 13 - Antarctique, D\u00e9troit de Gerlache dans la brume<\/a> \r\n<a href=\"https:\/\/sonabia.org\/fr\/2023-09-03-antarctique-fevrier-2023\/\">2023 09 03 - Antarctique, f\u00e9vrier 2023<\/a> \r\n\r\n\u00c9quipiers \u00e0 \u00e9viter\r\n<a href=\"https:\/\/sonabia.org\/fr\/2025-02-10-voleurs-a-bord\/\">2025 02 10 - Voleurs \u00e0 bord<\/a>\r\n<a href=\"https:\/\/sonabia.org\/fr\/2023-07-08-les-3-petits-cochons-et-le-grand-mechant-sanglier\/\">2023 07 08 - Les 3 Petits Cochons et le Grand M\u00e9chant Sanglier<\/a>\r\n<a href=\"https:\/\/sonabia.org\/fr\/2023-07-02-mutinerie-en-antarctique-le-cauchemar-de-la-famille\/\">2023 07 08 - Mutinerie en Antarctique, le cauchemar de la famille<\/a>\r\n<a href=\"https:\/\/sonabia.org\/fr\/2022-02-10-mutinerie-en-antarctique\/\">2022 02 10 - Mutinerie en Antarctique, v\u00e9cue \u00e0 bord<\/a> \r\n\r\nVoilier\r\n<a href=\"https:\/\/sonabia.org\/fr\/2024-04-23-quille-relevable-en-acier\/\">2024 04 23 - Quille relevable en acier<\/a>\r\n<a href=\"https:\/\/sonabia.org\/fr\/2023-06-20-3-safrans\/\">2023 06 20 - 3 safrans<\/a>\r\n<a style=\"cursor: pointer !important; user-select: none !important;\" href=\"https:\/\/sonabia.org\/fr\/2023-05-06-interieur-minimaliste\/\">2023 05 06 - Int\u00e9rieur minimaliste<\/a> \r\n<a href=\"https:\/\/sonabia.org\/fr\/2023-04-29-ventilation-partout\/\">2023 04 29 - Ventilation partout<\/a> \r\n<a href=\"https:\/\/sonabia.org\/fr\/2023-02-23-gris-fonce\/\">2023 04 23 - Gris fonc\u00e9<\/a>\r\n\r\nEnvironnement \r\n<a href=\"https:\/\/sonabia.org\/fr\/2023-06-03-tourisme-en-antarctique-alerte\/\">2023 06 03 - Tourisme en Antarctique - Alerte!<\/a> \r\n<a href=\"https:\/\/sonabia.org\/fr\/2025-06-03-tourisme-et-peche-en-antarctique-2eme-alerte\/\">2025 06 03 - Surtourisme et P\u00eache en Antarctique - 2eme Alerte!<\/a> \r\n<a href=\"https:\/\/sonabia.org\/fr\/2023-05-13-economique-ecologique\/\">2023 05 13 - Voilier: \u00e9conomique, \u00e9cologique<\/a> \r\n<a href=\"https:\/\/sonabia.org\/fr\/2024-06-05-empreinte-carbone-dune-expedition-antarctique-en-voilier\/\">2024 06 06 - Empreinte carbone d\u00b4une exp\u00e9dition Antarctique en voilier<\/a> \r\n\r\n<a href=\"https:\/\/sonabia.org\/fr\/posts\/\">Tous les posts<\/a><\/pre>\n<hr \/>\n<p><big><\/big><b><big><a href=\"https:\/\/sonabia.org\/fr\/contact\/\">Contact<\/a><\/big><\/b> \u00a0\u00a0 <b><big> <a href=\"https:\/\/sonabia.org\/fr\/questions-frequentes\/\">Questions fr\u00e9quentes<\/a><\/big><\/b><\/p>\n","protected":false},"excerpt":{"rendered":"<p>Exp\u00e9ditions\u00a0 Antarctique\u00a0 en voilier. Sonabia. C&rsquo;\u00e8tait le nom de notre voilier ant\u00e9rieur. Il a navigu\u00e9 dans les 40emes rugissants, en Antarctique et a fait plusieurs fois le tour du Cap Horn. Antarctique Voilier &nbsp; Association Navigation Mer et Nature Expeditions organis\u00e9es par l\u00b4association sans but lucratif Navigation Mer et Nature &nbsp; Posts r\u00e9cents Nouvelles Aventures &hellip; <a href=\"https:\/\/sonabia.org\/fr\/\" class=\"more-link\">Continuer la lecture<span class=\"screen-reader-text\"> de &laquo;&nbsp;Antarctique, Cap Horn&nbsp;&raquo;<\/span><\/a><\/p>\n","protected":false},"author":1,"featured_media":0,"parent":0,"menu_order":0,"comment_status":"closed","ping_status":"closed","template":"","meta":{"_monsterinsights_skip_tracking":false,"_monsterinsights_sitenote_active":false,"_monsterinsights_sitenote_note":"","_monsterinsights_sitenote_category":0,"footnotes":""},"class_list":["post-5","page","type-page","status-publish","hentry"],"_links":{"self":[{"href":"https:\/\/sonabia.org\/fr\/wp-json\/wp\/v2\/pages\/5","targetHints":{"allow":["GET"]}}],"collection":[{"href":"https:\/\/sonabia.org\/fr\/wp-json\/wp\/v2\/pages"}],"about":[{"href":"https:\/\/sonabia.org\/fr\/wp-json\/wp\/v2\/types\/page"}],"author":[{"embeddable":true,"href":"https:\/\/sonabia.org\/fr\/wp-json\/wp\/v2\/users\/1"}],"replies":[{"embeddable":true,"href":"https:\/\/sonabia.org\/fr\/wp-json\/wp\/v2\/comments?post=5"}],"version-history":[{"count":110,"href":"https:\/\/sonabia.org\/fr\/wp-json\/wp\/v2\/pages\/5\/revisions"}],"predecessor-version":[{"id":4136,"href":"https:\/\/sonabia.org\/fr\/wp-json\/wp\/v2\/pages\/5\/revisions\/4136"}],"wp:attachment":[{"href":"https:\/\/sonabia.org\/fr\/wp-json\/wp\/v2\/media?parent=5"}],"curies":[{"name":"wp","href":"https:\/\/api.w.org\/{rel}","templated":true}]}}